{"id":104,"date":"2022-01-23T12:47:52","date_gmt":"2022-01-23T12:47:52","guid":{"rendered":"https:\/\/sikkut.digital\/?page_id=104"},"modified":"2022-01-24T08:19:17","modified_gmt":"2022-01-24T08:19:17","slug":"eesti","status":"publish","type":"page","link":"https:\/\/sikkut.digital\/index.php\/eesti\/","title":{"rendered":"Emakeeles"},"content":{"rendered":"\n<p>Mina olen Siim ja ma olen 10 aastat ehitanud e-Eestit, meie digiriiki ja digi\u00fchiskonda.<\/p>\n\n\n\n<p>Alates 2022. aastast annan ma n\u00f5u eesk\u00e4tt v\u00e4lismaistele valitsustele ja tiimidele, kuidas digiv\u00e4rki teha. <\/p>\n\n\n\n<p>Kui arvad, et meil oleks midagi \u00fchist ka Eestis ette v\u00f5tta ja Sul minu kogemusest kasu, v\u00f5ta \u00fchendust.<\/p>\n\n\n\n<p><em>Domeeni omanik on Digistrati O\u00dc, reg.nr. 12926725.<\/em><\/p>\n\n\n\n<p><\/p>\n\n\n\n<p><\/p>\n","protected":false},"excerpt":{"rendered":"<p>Mina olen Siim ja ma olen 10 aastat ehitanud e-Eestit, meie digiriiki ja digi\u00fchiskonda. Alates 2022. aastast annan ma n\u00f5u eesk\u00e4tt v\u00e4lismaistele valitsustele ja tiimidele, kuidas digiv\u00e4rki teha. Kui arvad, et meil oleks midagi \u00fchist ka Eestis ette v\u00f5tta ja Sul minu kogemusest kasu, v\u00f5ta \u00fchendust. Domeeni omanik on Digistrati O\u00dc, reg.nr. 12926725.<\/p>\n","protected":false},"author":1,"featured_media":0,"parent":0,"menu_order":0,"comment_status":"closed","ping_status":"closed","template":"","meta":{"om_disable_all_campaigns":false,"_monsterinsights_skip_tracking":false,"_monsterinsights_sitenote_active":false,"_monsterinsights_sitenote_note":"","_monsterinsights_sitenote_category":0,"footnotes":""},"class_list":["post-104","page","type-page","status-publish","hentry"],"_links":{"self":[{"href":"https:\/\/sikkut.digital\/index.php\/wp-json\/wp\/v2\/pages\/104","targetHints":{"allow":["GET"]}}],"collection":[{"href":"https:\/\/sikkut.digital\/index.php\/wp-json\/wp\/v2\/pages"}],"about":[{"href":"https:\/\/sikkut.digital\/index.php\/wp-json\/wp\/v2\/types\/page"}],"author":[{"embeddable":true,"href":"https:\/\/sikkut.digital\/index.php\/wp-json\/wp\/v2\/users\/1"}],"replies":[{"embeddable":true,"href":"https:\/\/sikkut.digital\/index.php\/wp-json\/wp\/v2\/comments?post=104"}],"version-history":[{"count":4,"href":"https:\/\/sikkut.digital\/index.php\/wp-json\/wp\/v2\/pages\/104\/revisions"}],"predecessor-version":[{"id":184,"href":"https:\/\/sikkut.digital\/index.php\/wp-json\/wp\/v2\/pages\/104\/revisions\/184"}],"wp:attachment":[{"href":"https:\/\/sikkut.digital\/index.php\/wp-json\/wp\/v2\/media?parent=104"}],"curies":[{"name":"wp","href":"https:\/\/api.w.org\/{rel}","templated":true}]}}